{"id":2993,"date":"2025-09-11T14:28:14","date_gmt":"2025-09-11T20:28:14","guid":{"rendered":"https:\/\/aacrom.com\/?page_id=2993"},"modified":"2025-09-19T16:09:02","modified_gmt":"2025-09-19T22:09:02","slug":"blog-2","status":"publish","type":"page","link":"https:\/\/aacrom.com\/index.php\/blog-2\/","title":{"rendered":"BLOG"},"content":{"rendered":"\t\t<div data-elementor-type=\"wp-page\" data-elementor-id=\"2993\" class=\"elementor elementor-2993\" data-elementor-settings=\"{&quot;ha_cmc_init_switcher&quot;:&quot;no&quot;}\">\n\t\t\t\t\t\t<section class=\"elementor-section elementor-top-section elementor-element elementor-element-a83b533 elementor-section-boxed elementor-section-height-default elementor-section-height-default\" data-id=\"a83b533\" data-element_type=\"section\" data-e-type=\"section\" data-settings=\"{&quot;_ha_eqh_enable&quot;:false}\">\n\t\t\t\t\t\t<div class=\"elementor-container elementor-column-gap-default\">\n\t\t\t\t\t<div class=\"elementor-column elementor-col-100 elementor-top-column elementor-element elementor-element-7173a93\" data-id=\"7173a93\" data-element_type=\"column\" data-e-type=\"column\">\n\t\t\t<div class=\"elementor-widget-wrap elementor-element-populated\">\n\t\t\t\t\t\t<div class=\"elementor-element elementor-element-db60b04 elementor-widget elementor-widget-spacer\" data-id=\"db60b04\" data-element_type=\"widget\" data-e-type=\"widget\" data-widget_type=\"spacer.default\">\n\t\t\t\t<div class=\"elementor-widget-container\">\n\t\t\t\t\t\t\t<div class=\"elementor-spacer\">\n\t\t\t<div class=\"elementor-spacer-inner\"><\/div>\n\t\t<\/div>\n\t\t\t\t\t\t<\/div>\n\t\t\t\t<\/div>\n\t\t\t\t\t<\/div>\n\t\t<\/div>\n\t\t\t\t\t<\/div>\n\t\t<\/section>\n\t\t\t\t<section class=\"elementor-section elementor-top-section elementor-element elementor-element-fd79f53 elementor-section-boxed elementor-section-height-default elementor-section-height-default\" data-id=\"fd79f53\" data-element_type=\"section\" data-e-type=\"section\" data-settings=\"{&quot;_ha_eqh_enable&quot;:false}\">\n\t\t\t\t\t\t<div class=\"elementor-container elementor-column-gap-default\">\n\t\t\t\t\t<div class=\"elementor-column elementor-col-100 elementor-top-column elementor-element elementor-element-425c208\" data-id=\"425c208\" data-element_type=\"column\" data-e-type=\"column\">\n\t\t\t<div class=\"elementor-widget-wrap elementor-element-populated\">\n\t\t\t\t\t\t<div class=\"elementor-element elementor-element-323a603 elementor-widget elementor-widget-image\" data-id=\"323a603\" data-element_type=\"widget\" data-e-type=\"widget\" data-widget_type=\"image.default\">\n\t\t\t\t<div class=\"elementor-widget-container\">\n\t\t\t\t\t\t\t\t\t\t\t\t\t\t\t<img fetchpriority=\"high\" decoding=\"async\" width=\"1024\" height=\"59\" src=\"https:\/\/aacrom.com\/wp-content\/uploads\/2025\/09\/Blog-1024x59.png\" class=\"attachment-large size-large wp-image-2999\" alt=\"\" srcset=\"https:\/\/aacrom.com\/wp-content\/uploads\/2025\/09\/Blog-1024x59.png 1024w, https:\/\/aacrom.com\/wp-content\/uploads\/2025\/09\/Blog-300x17.png 300w, https:\/\/aacrom.com\/wp-content\/uploads\/2025\/09\/Blog-768x44.png 768w, https:\/\/aacrom.com\/wp-content\/uploads\/2025\/09\/Blog-1536x88.png 1536w, https:\/\/aacrom.com\/wp-content\/uploads\/2025\/09\/Blog-1320x76.png 1320w, https:\/\/aacrom.com\/wp-content\/uploads\/2025\/09\/Blog.png 1904w\" sizes=\"(max-width: 1024px) 100vw, 1024px\" \/>\t\t\t\t\t\t\t\t\t\t\t\t\t\t\t<\/div>\n\t\t\t\t<\/div>\n\t\t\t\t\t<\/div>\n\t\t<\/div>\n\t\t\t\t\t<\/div>\n\t\t<\/section>\n\t\t\t\t<section class=\"elementor-section elementor-top-section elementor-element elementor-element-4551229 elementor-section-boxed elementor-section-height-default elementor-section-height-default\" data-id=\"4551229\" data-element_type=\"section\" data-e-type=\"section\" data-settings=\"{&quot;_ha_eqh_enable&quot;:false}\">\n\t\t\t\t\t\t<div class=\"elementor-container elementor-column-gap-default\">\n\t\t\t\t\t<div class=\"elementor-column elementor-col-100 elementor-top-column elementor-element elementor-element-bb5d163\" data-id=\"bb5d163\" data-element_type=\"column\" data-e-type=\"column\">\n\t\t\t<div class=\"elementor-widget-wrap elementor-element-populated\">\n\t\t\t\t\t\t<div class=\"elementor-element elementor-element-b3bc2ae elementor-widget elementor-widget-spacer\" data-id=\"b3bc2ae\" data-element_type=\"widget\" data-e-type=\"widget\" data-widget_type=\"spacer.default\">\n\t\t\t\t<div class=\"elementor-widget-container\">\n\t\t\t\t\t\t\t<div class=\"elementor-spacer\">\n\t\t\t<div class=\"elementor-spacer-inner\"><\/div>\n\t\t<\/div>\n\t\t\t\t\t\t<\/div>\n\t\t\t\t<\/div>\n\t\t\t\t\t<\/div>\n\t\t<\/div>\n\t\t\t\t\t<\/div>\n\t\t<\/section>\n\t\t\t\t<section class=\"elementor-section elementor-top-section elementor-element elementor-element-3fe573b elementor-section-boxed elementor-section-height-default elementor-section-height-default\" data-id=\"3fe573b\" data-element_type=\"section\" data-e-type=\"section\" data-settings=\"{&quot;_ha_eqh_enable&quot;:false}\">\n\t\t\t\t\t\t<div class=\"elementor-container elementor-column-gap-default\">\n\t\t\t\t\t<div class=\"elementor-column elementor-col-100 elementor-top-column elementor-element elementor-element-e57686e\" data-id=\"e57686e\" data-element_type=\"column\" data-e-type=\"column\">\n\t\t\t<div class=\"elementor-widget-wrap elementor-element-populated\">\n\t\t\t\t\t\t<div class=\"elementor-element elementor-element-a845a4f meta-visibility-show title_position_default title_hover_border_default title-default img_hover_animation_default meta_position_default tpg-is-author-icon-show author-image-visibility-icon tpg-category-position-default readmore-btn-default-style grid-hover-overlay-type-always tpg-el-box-border-enable tpg-border-bottom-disable elementor-widget elementor-widget-tpg-grid-layout\" data-id=\"a845a4f\" data-element_type=\"widget\" data-e-type=\"widget\" data-widget_type=\"tpg-grid-layout.default\">\n\t\t\t\t<div class=\"elementor-widget-container\">\n\t\t\t\t\t\t\t<div class=\"rt-container-fluid rt-tpg-container tpg-el-main-wrapper clearfix grid-layout1-main \"\n\t\t\t id=\"rt-tpg-container-2483116837\"\n\t\t\t data-layout=\"grid-layout1\"\n\t\t\t data-grid-style=\"tpg-full-height\"\n\t\t\t data-sc-id=\"elementor\"\n\t\t\t data-el-settings=''\n\t\t\t data-el-query=''\n\t\t\t data-el-path=''\n\t\t>\n\t\t\t\t\t\t<div class='tpg-header-wrapper '>\n\t\t\t\t\t\t\t<\/div>\n\n\t\t\t<div data-title=\"Loading ...\" class=\"rt-row rt-content-loader grid-layout1 grid-behaviour tpg-full-height grid_layout_wrapper\">\n\t\t\t\t<div class=\"rt-col-md-4 rt-col-sm-6 rt-col-xs-12 default rt-grid-item post-3031 post type-post status-publish format-standard has-post-thumbnail hentry category-blog\"        data-id=\"3031\">\n    <div class=\"rt-holder tpg-post-holder \">\n        <div class=\"rt-detail rt-el-content-wrapper\">\n\t\t\t                <div class=\"rt-img-holder tpg-el-image-wrap has-thumbnail\">\n\t\t\t\t\t<a data-id=\"3031\" href=\"https:\/\/aacrom.com\/index.php\/innovacion-en-elearning-rise-360-e-inteligencia-artificial-al-servicio-del-aprendizaje\/blog\/\" class=\"tpg-post-link\" target=\"_self\">                        <img decoding=\"async\" src=\"https:\/\/aacrom.com\/wp-content\/uploads\/2025\/09\/01-Aprendibilidad-1-1024x356-1-768x267.jpg\"\n                             class=\"rt-img-responsive\"\n                             width=\"768\"\n                             height=\"267\"\n                             alt=\"Innovaci\u00f3n en eLearning: Rise 360 e Inteligencia Artificial al Servicio del Aprendizaje\">\n\t\t\t\t\t\t\n\t\t\t\t\t\t\t\n\t\t<\/a>\n\t\t        <div class=\"overlay grid-hover-content\"><\/div>\n\t\t                <\/div>\n\t\t\t\n\t\t\t<div class=\"entry-title-wrapper\"><h3 class=\"entry-title\"><a data-id=\"3031\" href=\"https:\/\/aacrom.com\/index.php\/innovacion-en-elearning-rise-360-e-inteligencia-artificial-al-servicio-del-aprendizaje\/blog\/\" class=\"tpg-post-link\" target=\"_self\">Innovaci\u00f3n en eLearning: Rise 360 e Inteligencia Artificial al Servicio del Aprendizaje<\/a><\/h3><\/div>\n\t\t\t                <div class=\"post-meta-tags rt-el-post-meta\">\n\t\t\t\t\t            <span class='author '>\n\n\t\t\t\t<i class='flaticon-user '><\/i><span class='author-prefix'>By<\/span><a href=\"https:\/\/aacrom.com\/index.php\/author\/aacrom\/\">aacrom<\/a>\t\t\t<\/span>\n\t\t\t            <span class='date'>\n\t\t\t\t<i class='flaticon-calendar '><\/i>\t\t\t\t                    <a href=\"https:\/\/aacrom.com\/index.php\/2025\/09\/19\/\">\n\t\t\t\t\t19 September, 2025\t\t\t\t<\/a>\n\t\t\t\t\t\t\t<\/span>\n\t\t\t            <span class='categories-links'>\n\t\t\t\t<i class='flaticon-folder '><\/i><a class=\"blog\" href=\"https:\/\/aacrom.com\/index.php\/Categorias\/blog\/\">Blog<\/a>\t\t\t<\/span>\n\t\t\t                <\/div>\n\t\t\t\n\n\t\t\t                <div class=\"tpg-excerpt tpg-el-excerpt\">\n\t\t\t\t\t                        <div class=\"tpg-excerpt-inner\">\n\t\t\t\t\t\t\tLa capacitaci\u00f3n corporativa evoluciona a un ritmo acelerado, impulsada por la necesidad de experiencias de aprendizaje en l\u00ednea para empresas m\u00e1s din\u00e1micas, interactivas y personalizadas. Hoy en d\u00eda...                        <\/div>\n\t\t\t\t\t\t\t\t\t\t                <\/div>\n\t\t\t\n\t\t\t        <div class=\"post-footer\">\n            <div class=\"post-footer\">\n                <div class=\"read-more\">\n\t\t\t\t\t<a data-id=\"3031\" href=\"https:\/\/aacrom.com\/index.php\/innovacion-en-elearning-rise-360-e-inteligencia-artificial-al-servicio-del-aprendizaje\/blog\/\" class=\"tpg-post-link\" target=\"_self\">Leer<\/a>                <\/div>\n            <\/div>\n        <\/div>\n\t\t        <\/div>\n    <\/div>\n<\/div>\n<div class=\"rt-col-md-4 rt-col-sm-6 rt-col-xs-12 default rt-grid-item post-3020 post type-post status-publish format-standard has-post-thumbnail hentry category-blog\"        data-id=\"3020\">\n    <div class=\"rt-holder tpg-post-holder \">\n        <div class=\"rt-detail rt-el-content-wrapper\">\n\t\t\t                <div class=\"rt-img-holder tpg-el-image-wrap has-thumbnail\">\n\t\t\t\t\t<a data-id=\"3020\" href=\"https:\/\/aacrom.com\/index.php\/mas-alla-del-diseno-elearning-corporativo-con-impacto\/blog\/\" class=\"tpg-post-link\" target=\"_self\">                        <img decoding=\"async\" src=\"https:\/\/aacrom.com\/wp-content\/uploads\/2025\/09\/MicrosoftTeams-1024x355-1-768x266.png\"\n                             class=\"rt-img-responsive\"\n                             width=\"768\"\n                             height=\"266\"\n                             alt=\"M\u00e1s All\u00e1 del Dise\u00f1o: eLearning Corporativo con Impacto\">\n\t\t\t\t\t\t\n\t\t\t\t\t\t\t\n\t\t<\/a>\n\t\t        <div class=\"overlay grid-hover-content\"><\/div>\n\t\t                <\/div>\n\t\t\t\n\t\t\t<div class=\"entry-title-wrapper\"><h3 class=\"entry-title\"><a data-id=\"3020\" href=\"https:\/\/aacrom.com\/index.php\/mas-alla-del-diseno-elearning-corporativo-con-impacto\/blog\/\" class=\"tpg-post-link\" target=\"_self\">M\u00e1s All\u00e1 del Dise\u00f1o: eLearning Corporativo con Impacto<\/a><\/h3><\/div>\n\t\t\t                <div class=\"post-meta-tags rt-el-post-meta\">\n\t\t\t\t\t            <span class='author '>\n\n\t\t\t\t<i class='flaticon-user '><\/i><span class='author-prefix'>By<\/span><a href=\"https:\/\/aacrom.com\/index.php\/author\/aacrom\/\">aacrom<\/a>\t\t\t<\/span>\n\t\t\t            <span class='date'>\n\t\t\t\t<i class='flaticon-calendar '><\/i>\t\t\t\t                    <a href=\"https:\/\/aacrom.com\/index.php\/2025\/09\/19\/\">\n\t\t\t\t\t19 September, 2025\t\t\t\t<\/a>\n\t\t\t\t\t\t\t<\/span>\n\t\t\t            <span class='categories-links'>\n\t\t\t\t<i class='flaticon-folder '><\/i><a class=\"blog\" href=\"https:\/\/aacrom.com\/index.php\/Categorias\/blog\/\">Blog<\/a>\t\t\t<\/span>\n\t\t\t                <\/div>\n\t\t\t\n\n\t\t\t                <div class=\"tpg-excerpt tpg-el-excerpt\">\n\t\t\t\t\t                        <div class=\"tpg-excerpt-inner\">\n\t\t\t\t\t\t\tEn Aacrom creamos cursos virtuales a medida con dise\u00f1o instruccional y andragog\u00eda, para impulsar la transformaci\u00f3n organizacional a trav\u00e9s del eLearning. \u00a0 En un mundo donde las organizaciones...                        <\/div>\n\t\t\t\t\t\t\t\t\t\t                <\/div>\n\t\t\t\n\t\t\t        <div class=\"post-footer\">\n            <div class=\"post-footer\">\n                <div class=\"read-more\">\n\t\t\t\t\t<a data-id=\"3020\" href=\"https:\/\/aacrom.com\/index.php\/mas-alla-del-diseno-elearning-corporativo-con-impacto\/blog\/\" class=\"tpg-post-link\" target=\"_self\">Leer<\/a>                <\/div>\n            <\/div>\n        <\/div>\n\t\t        <\/div>\n    <\/div>\n<\/div>\n<div class=\"rt-col-md-4 rt-col-sm-6 rt-col-xs-12 default rt-grid-item post-3004 post type-post status-publish format-standard has-post-thumbnail hentry category-blog\"        data-id=\"3004\">\n    <div class=\"rt-holder tpg-post-holder \">\n        <div class=\"rt-detail rt-el-content-wrapper\">\n\t\t\t                <div class=\"rt-img-holder tpg-el-image-wrap has-thumbnail\">\n\t\t\t\t\t<a data-id=\"3004\" href=\"https:\/\/aacrom.com\/index.php\/proctoring-avanzado-con-aacrom-evaluaciones-digitales-seguras-y-confiables\/blog\/\" class=\"tpg-post-link\" target=\"_self\">                        <img loading=\"lazy\" decoding=\"async\" src=\"https:\/\/aacrom.com\/wp-content\/uploads\/2025\/09\/04-CapacitacionAacrom-1024x356-1-768x267.jpg\"\n                             class=\"rt-img-responsive\"\n                             width=\"768\"\n                             height=\"267\"\n                             alt=\"Proctoring avanzado con Aacrom: evaluaciones digitales seguras y confiables\">\n\t\t\t\t\t\t\n\t\t\t\t\t\t\t\n\t\t<\/a>\n\t\t        <div class=\"overlay grid-hover-content\"><\/div>\n\t\t                <\/div>\n\t\t\t\n\t\t\t<div class=\"entry-title-wrapper\"><h3 class=\"entry-title\"><a data-id=\"3004\" href=\"https:\/\/aacrom.com\/index.php\/proctoring-avanzado-con-aacrom-evaluaciones-digitales-seguras-y-confiables\/blog\/\" class=\"tpg-post-link\" target=\"_self\">Proctoring avanzado con Aacrom: evaluaciones digitales seguras y confiables<\/a><\/h3><\/div>\n\t\t\t                <div class=\"post-meta-tags rt-el-post-meta\">\n\t\t\t\t\t            <span class='author '>\n\n\t\t\t\t<i class='flaticon-user '><\/i><span class='author-prefix'>By<\/span><a href=\"https:\/\/aacrom.com\/index.php\/author\/aacrom\/\">aacrom<\/a>\t\t\t<\/span>\n\t\t\t            <span class='date'>\n\t\t\t\t<i class='flaticon-calendar '><\/i>\t\t\t\t                    <a href=\"https:\/\/aacrom.com\/index.php\/2025\/09\/17\/\">\n\t\t\t\t\t17 September, 2025\t\t\t\t<\/a>\n\t\t\t\t\t\t\t<\/span>\n\t\t\t            <span class='categories-links'>\n\t\t\t\t<i class='flaticon-folder '><\/i><a class=\"blog\" href=\"https:\/\/aacrom.com\/index.php\/Categorias\/blog\/\">Blog<\/a>\t\t\t<\/span>\n\t\t\t                <\/div>\n\t\t\t\n\n\t\t\t                <div class=\"tpg-excerpt tpg-el-excerpt\">\n\t\t\t\t\t                        <div class=\"tpg-excerpt-inner\">\n\t\t\t\t\t\t\tEn la era digital, garantizar la integridad de las evaluaciones en l\u00ednea se ha convertido en un desaf\u00edo cr\u00edtico. Los fraudes acad\u00e9micos, las suplantaciones de identidad y el uso indebido de...                        <\/div>\n\t\t\t\t\t\t\t\t\t\t                <\/div>\n\t\t\t\n\t\t\t        <div class=\"post-footer\">\n            <div class=\"post-footer\">\n                <div class=\"read-more\">\n\t\t\t\t\t<a data-id=\"3004\" href=\"https:\/\/aacrom.com\/index.php\/proctoring-avanzado-con-aacrom-evaluaciones-digitales-seguras-y-confiables\/blog\/\" class=\"tpg-post-link\" target=\"_self\">Leer<\/a>                <\/div>\n            <\/div>\n        <\/div>\n\t\t        <\/div>\n    <\/div>\n<\/div>\n<div class=\"rt-col-md-4 rt-col-sm-6 rt-col-xs-12 default rt-grid-item post-2039 post type-post status-publish format-standard has-post-thumbnail hentry category-blog\"        data-id=\"2039\">\n    <div class=\"rt-holder tpg-post-holder \">\n        <div class=\"rt-detail rt-el-content-wrapper\">\n\t\t\t                <div class=\"rt-img-holder tpg-el-image-wrap has-thumbnail\">\n\t\t\t\t\t<a data-id=\"2039\" href=\"https:\/\/aacrom.com\/index.php\/el-gran-boton-azul-una-herramienta-unica-para-actualizar-el-campus-virtual-de-su-organizacion\/blog\/\" class=\"tpg-post-link\" target=\"_self\">                        <img loading=\"lazy\" decoding=\"async\" src=\"https:\/\/aacrom.com\/wp-content\/uploads\/2022\/08\/03-GranBotonAzul-768x267.jpg\"\n                             class=\"rt-img-responsive\"\n                             width=\"768\"\n                             height=\"267\"\n                             alt=\"El gran bot\u00f3n azul, una herramienta \u00fanica para actualizar el campus virtual de su organizaci\u00f3n.\">\n\t\t\t\t\t\t\n\t\t\t\t\t\t\t\n\t\t<\/a>\n\t\t        <div class=\"overlay grid-hover-content\"><\/div>\n\t\t                <\/div>\n\t\t\t\n\t\t\t<div class=\"entry-title-wrapper\"><h3 class=\"entry-title\"><a data-id=\"2039\" href=\"https:\/\/aacrom.com\/index.php\/el-gran-boton-azul-una-herramienta-unica-para-actualizar-el-campus-virtual-de-su-organizacion\/blog\/\" class=\"tpg-post-link\" target=\"_self\">El gran bot\u00f3n azul, una herramienta \u00fanica para actualizar el campus virtual de su organizaci\u00f3n.<\/a><\/h3><\/div>\n\t\t\t                <div class=\"post-meta-tags rt-el-post-meta\">\n\t\t\t\t\t            <span class='author '>\n\n\t\t\t\t<i class='flaticon-user '><\/i><span class='author-prefix'>By<\/span><a href=\"https:\/\/aacrom.com\/index.php\/author\/aacrom\/\">aacrom<\/a>\t\t\t<\/span>\n\t\t\t            <span class='date'>\n\t\t\t\t<i class='flaticon-calendar '><\/i>\t\t\t\t                    <a href=\"https:\/\/aacrom.com\/index.php\/2022\/08\/23\/\">\n\t\t\t\t\t23 August, 2022\t\t\t\t<\/a>\n\t\t\t\t\t\t\t<\/span>\n\t\t\t            <span class='categories-links'>\n\t\t\t\t<i class='flaticon-folder '><\/i><a class=\"blog\" href=\"https:\/\/aacrom.com\/index.php\/Categorias\/blog\/\">Blog<\/a>\t\t\t<\/span>\n\t\t\t                <\/div>\n\t\t\t\n\n\t\t\t                <div class=\"tpg-excerpt tpg-el-excerpt\">\n\t\t\t\t\t                        <div class=\"tpg-excerpt-inner\">\n\t\t\t\t\t\t\tUna cosa es tener un Moodle y otra es hacer de esta herramienta una verdadera Universidad Virtual Corporativa. Generar una est\u00e9tica y funcionalidad que permitan a la interfase, adem\u00e1s de ser amigable...                        <\/div>\n\t\t\t\t\t\t\t\t\t\t                <\/div>\n\t\t\t\n\t\t\t        <div class=\"post-footer\">\n            <div class=\"post-footer\">\n                <div class=\"read-more\">\n\t\t\t\t\t<a data-id=\"2039\" href=\"https:\/\/aacrom.com\/index.php\/el-gran-boton-azul-una-herramienta-unica-para-actualizar-el-campus-virtual-de-su-organizacion\/blog\/\" class=\"tpg-post-link\" target=\"_self\">Leer<\/a>                <\/div>\n            <\/div>\n        <\/div>\n\t\t        <\/div>\n    <\/div>\n<\/div>\n\t\t\t<\/div>\n\t\t\t\n\t\t<\/div>\n\t\t\t\t\t\t<\/div>\n\t\t\t\t<\/div>\n\t\t\t\t\t<\/div>\n\t\t<\/div>\n\t\t\t\t\t<\/div>\n\t\t<\/section>\n\t\t\t\t<section class=\"elementor-section elementor-top-section elementor-element elementor-element-de690c7 elementor-section-boxed elementor-section-height-default elementor-section-height-default\" data-id=\"de690c7\" data-element_type=\"section\" data-e-type=\"section\" data-settings=\"{&quot;_ha_eqh_enable&quot;:false}\">\n\t\t\t\t\t\t<div class=\"elementor-container elementor-column-gap-default\">\n\t\t\t\t\t<div class=\"elementor-column elementor-col-100 elementor-top-column elementor-element elementor-element-1d43f55\" data-id=\"1d43f55\" data-element_type=\"column\" data-e-type=\"column\">\n\t\t\t<div class=\"elementor-widget-wrap elementor-element-populated\">\n\t\t\t\t\t\t<div class=\"elementor-element elementor-element-e93fed3 elementor-widget elementor-widget-spacer\" data-id=\"e93fed3\" data-element_type=\"widget\" data-e-type=\"widget\" data-widget_type=\"spacer.default\">\n\t\t\t\t<div class=\"elementor-widget-container\">\n\t\t\t\t\t\t\t<div class=\"elementor-spacer\">\n\t\t\t<div class=\"elementor-spacer-inner\"><\/div>\n\t\t<\/div>\n\t\t\t\t\t\t<\/div>\n\t\t\t\t<\/div>\n\t\t\t\t\t<\/div>\n\t\t<\/div>\n\t\t\t\t\t<\/div>\n\t\t<\/section>\n\t\t\t\t<\/div>\n\t\t","protected":false},"excerpt":{"rendered":"<p>Innovaci\u00f3n en eLearning: Rise 360 e Inteligencia Artificial al Servicio del Aprendizaje Byaacrom 19 septiembre, 2025 Blog La capacitaci\u00f3n corporativa evoluciona a un ritmo acelerado, impulsada por la necesidad de experiencias de aprendizaje en l\u00ednea para empresas m\u00e1s din\u00e1micas, interactivas y personalizadas. Hoy en d\u00eda&#8230; Leer M\u00e1s All\u00e1 del Dise\u00f1o: eLearning Corporativo con Impacto Byaacrom [&hellip;]<\/p>\n","protected":false},"author":1,"featured_media":0,"parent":0,"menu_order":4,"comment_status":"closed","ping_status":"closed","template":"","meta":{"site-sidebar-layout":"no-sidebar","site-content-layout":"page-builder","ast-site-content-layout":"full-width-container","site-content-style":"default","site-sidebar-style":"default","ast-global-header-display":"","ast-banner-title-visibility":"","ast-main-header-display":"","ast-hfb-above-header-display":"","ast-hfb-below-header-display":"","ast-hfb-mobile-header-display":"","site-post-title":"disabled","ast-breadcrumbs-content":"","ast-featured-img":"disabled","footer-sml-layout":"","ast-disable-related-posts":"","theme-transparent-header-meta":"","adv-header-id-meta":"","stick-header-meta":"","header-above-stick-meta":"","header-main-stick-meta":"","header-below-stick-meta":"","astra-migrate-meta-layouts":"set","ast-page-background-enabled":"default","ast-page-background-meta":{"desktop":{"background-color":"","background-image":"","background-repeat":"repeat","background-position":"center center","background-size":"auto","background-attachment":"scroll","background-type":"","background-media":"","overlay-type":"","overlay-color":"","overlay-opacity":"","overlay-gradient":""},"tablet":{"background-color":"","background-image":"","background-repeat":"repeat","background-position":"center center","background-size":"auto","background-attachment":"scroll","background-type":"","background-media":"","overlay-type":"","overlay-color":"","overlay-opacity":"","overlay-gradient":""},"mobile":{"background-color":"","background-image":"","background-repeat":"repeat","background-position":"center center","background-size":"auto","background-attachment":"scroll","background-type":"","background-media":"","overlay-type":"","overlay-color":"","overlay-opacity":"","overlay-gradient":""}},"ast-content-background-meta":{"desktop":{"background-color":"var(--ast-global-color-5)","background-image":"","background-repeat":"repeat","background-position":"center center","background-size":"auto","background-attachment":"scroll","background-type":"","background-media":"","overlay-type":"","overlay-color":"","overlay-opacity":"","overlay-gradient":""},"tablet":{"background-color":"var(--ast-global-color-5)","background-image":"","background-repeat":"repeat","background-position":"center center","background-size":"auto","background-attachment":"scroll","background-type":"","background-media":"","overlay-type":"","overlay-color":"","overlay-opacity":"","overlay-gradient":""},"mobile":{"background-color":"var(--ast-global-color-5)","background-image":"","background-repeat":"repeat","background-position":"center center","background-size":"auto","background-attachment":"scroll","background-type":"","background-media":"","overlay-type":"","overlay-color":"","overlay-opacity":"","overlay-gradient":""}},"_joinchat":[],"footnotes":""},"class_list":["post-2993","page","type-page","status-publish","hentry"],"rttpg_featured_image_url":null,"rttpg_author":{"display_name":"aacrom","author_link":"https:\/\/aacrom.com\/index.php\/author\/aacrom\/"},"rttpg_comment":0,"rttpg_category":"","rttpg_excerpt":"Innovaci\u00f3n en eLearning: Rise 360 e Inteligencia Artificial al Servicio del Aprendizaje Byaacrom 19 septiembre, 2025 Blog La capacitaci\u00f3n corporativa evoluciona a un ritmo acelerado, impulsada por la necesidad de experiencias de aprendizaje en l\u00ednea para empresas m\u00e1s din\u00e1micas, interactivas y personalizadas. Hoy en d\u00eda&#8230; Leer M\u00e1s All\u00e1 del Dise\u00f1o: eLearning Corporativo con Impacto Byaacrom&hellip;","_links":{"self":[{"href":"https:\/\/aacrom.com\/index.php\/wp-json\/wp\/v2\/pages\/2993","targetHints":{"allow":["GET"]}}],"collection":[{"href":"https:\/\/aacrom.com\/index.php\/wp-json\/wp\/v2\/pages"}],"about":[{"href":"https:\/\/aacrom.com\/index.php\/wp-json\/wp\/v2\/types\/page"}],"author":[{"embeddable":true,"href":"https:\/\/aacrom.com\/index.php\/wp-json\/wp\/v2\/users\/1"}],"replies":[{"embeddable":true,"href":"https:\/\/aacrom.com\/index.php\/wp-json\/wp\/v2\/comments?post=2993"}],"version-history":[{"count":14,"href":"https:\/\/aacrom.com\/index.php\/wp-json\/wp\/v2\/pages\/2993\/revisions"}],"predecessor-version":[{"id":3046,"href":"https:\/\/aacrom.com\/index.php\/wp-json\/wp\/v2\/pages\/2993\/revisions\/3046"}],"wp:attachment":[{"href":"https:\/\/aacrom.com\/index.php\/wp-json\/wp\/v2\/media?parent=2993"}],"curies":[{"name":"wp","href":"https:\/\/api.w.org\/{rel}","templated":true}]}}